{"id":17713,"date":"2021-01-27T12:00:36","date_gmt":"2021-01-27T12:00:36","guid":{"rendered":"https:\/\/skako.com\/business-areas\/vibration\/"},"modified":"2025-12-04T12:33:32","modified_gmt":"2025-12-04T12:33:32","slug":"about","status":"publish","type":"page","link":"https:\/\/skako.com\/da\/about\/","title":{"rendered":"Om"},"content":{"rendered":"","protected":false},"excerpt":{"rendered":"","protected":false},"author":1,"featured_media":0,"parent":0,"menu_order":0,"comment_status":"closed","ping_status":"closed","template":"","meta":{"_acf_changed":true,"inline_featured_image":false,"footnotes":""},"class_list":["post-17713","page","type-page","status-publish","hentry"],"acf":[],"yoast_head":"<!-- This site is optimized with the Yoast SEO plugin v26.9 - https:\/\/yoast.com\/product\/yoast-seo-wordpress\/ -->\n<title>Om SKAKO | Professionel leverand\u00f8r af industriudstyr<\/title>\n<meta name=\"description\" content=\"SKAKOs vibrationsteknologi s\u00f8rger for effektiv materialeh\u00e5ndtering til en r\u00e6kke industrier, s\u00e5som mineral-, fastener- og recyclingindustrien.\" \/>\n<meta name=\"robots\" content=\"index, follow, max-snippet:-1, max-image-preview:large, max-video-preview:-1\" \/>\n<link rel=\"canonical\" href=\"https:\/\/skako.com\/da\/about\/\" \/>\n<meta property=\"og:locale\" content=\"da_DK\" \/>\n<meta property=\"og:type\" content=\"article\" \/>\n<meta property=\"og:title\" content=\"Om SKAKO | Professionel leverand\u00f8r af industriudstyr\" \/>\n<meta property=\"og:description\" content=\"SKAKOs vibrationsteknologi s\u00f8rger for effektiv materialeh\u00e5ndtering til en r\u00e6kke industrier, s\u00e5som mineral-, fastener- og recyclingindustrien.\" \/>\n<meta property=\"og:url\" content=\"https:\/\/skako.com\/da\/about\/\" \/>\n<meta property=\"og:site_name\" content=\"SKAKO A\/S\" \/>\n<meta property=\"article:modified_time\" content=\"2025-12-04T12:33:32+00:00\" \/>\n<meta name=\"twitter:card\" content=\"summary_large_image\" \/>\n<script type=\"application\/ld+json\" class=\"yoast-schema-graph\">{\"@context\":\"https:\/\/schema.org\",\"@graph\":[{\"@type\":\"WebPage\",\"@id\":\"https:\/\/skako.com\/da\/about\/\",\"url\":\"https:\/\/skako.com\/da\/about\/\",\"name\":\"Om SKAKO | Professionel leverand\u00f8r af industriudstyr\",\"isPartOf\":{\"@id\":\"https:\/\/skako.com\/da\/#website\"},\"datePublished\":\"2021-01-27T12:00:36+00:00\",\"dateModified\":\"2025-12-04T12:33:32+00:00\",\"description\":\"SKAKOs vibrationsteknologi s\u00f8rger for effektiv materialeh\u00e5ndtering til en r\u00e6kke industrier, s\u00e5som mineral-, fastener- og recyclingindustrien.\",\"breadcrumb\":{\"@id\":\"https:\/\/skako.com\/da\/about\/#breadcrumb\"},\"inLanguage\":\"da-DK\",\"potentialAction\":[{\"@type\":\"ReadAction\",\"target\":[\"https:\/\/skako.com\/da\/about\/\"]}]},{\"@type\":\"BreadcrumbList\",\"@id\":\"https:\/\/skako.com\/da\/about\/#breadcrumb\",\"itemListElement\":[{\"@type\":\"ListItem\",\"position\":1,\"name\":\"Home\",\"item\":\"https:\/\/skako.com\/da\/\"},{\"@type\":\"ListItem\",\"position\":2,\"name\":\"Om\"}]},{\"@type\":\"WebSite\",\"@id\":\"https:\/\/skako.com\/da\/#website\",\"url\":\"https:\/\/skako.com\/da\/\",\"name\":\"SKAKO A\/S\",\"description\":\"Making production flows hassle-free, reliable and sustainable\",\"potentialAction\":[{\"@type\":\"SearchAction\",\"target\":{\"@type\":\"EntryPoint\",\"urlTemplate\":\"https:\/\/skako.com\/da\/?s={search_term_string}\"},\"query-input\":{\"@type\":\"PropertyValueSpecification\",\"valueRequired\":true,\"valueName\":\"search_term_string\"}}],\"inLanguage\":\"da-DK\"}]}<\/script>\n<!-- \/ Yoast SEO plugin. -->","yoast_head_json":{"title":"Om SKAKO | Professionel leverand\u00f8r af industriudstyr","description":"SKAKOs vibrationsteknologi s\u00f8rger for effektiv materialeh\u00e5ndtering til en r\u00e6kke industrier, s\u00e5som mineral-, fastener- og recyclingindustrien.","robots":{"index":"index","follow":"follow","max-snippet":"max-snippet:-1","max-image-preview":"max-image-preview:large","max-video-preview":"max-video-preview:-1"},"canonical":"https:\/\/skako.com\/da\/about\/","og_locale":"da_DK","og_type":"article","og_title":"Om SKAKO | Professionel leverand\u00f8r af industriudstyr","og_description":"SKAKOs vibrationsteknologi s\u00f8rger for effektiv materialeh\u00e5ndtering til en r\u00e6kke industrier, s\u00e5som mineral-, fastener- og recyclingindustrien.","og_url":"https:\/\/skako.com\/da\/about\/","og_site_name":"SKAKO A\/S","article_modified_time":"2025-12-04T12:33:32+00:00","twitter_card":"summary_large_image","schema":{"@context":"https:\/\/schema.org","@graph":[{"@type":"WebPage","@id":"https:\/\/skako.com\/da\/about\/","url":"https:\/\/skako.com\/da\/about\/","name":"Om SKAKO | Professionel leverand\u00f8r af industriudstyr","isPartOf":{"@id":"https:\/\/skako.com\/da\/#website"},"datePublished":"2021-01-27T12:00:36+00:00","dateModified":"2025-12-04T12:33:32+00:00","description":"SKAKOs vibrationsteknologi s\u00f8rger for effektiv materialeh\u00e5ndtering til en r\u00e6kke industrier, s\u00e5som mineral-, fastener- og recyclingindustrien.","breadcrumb":{"@id":"https:\/\/skako.com\/da\/about\/#breadcrumb"},"inLanguage":"da-DK","potentialAction":[{"@type":"ReadAction","target":["https:\/\/skako.com\/da\/about\/"]}]},{"@type":"BreadcrumbList","@id":"https:\/\/skako.com\/da\/about\/#breadcrumb","itemListElement":[{"@type":"ListItem","position":1,"name":"Home","item":"https:\/\/skako.com\/da\/"},{"@type":"ListItem","position":2,"name":"Om"}]},{"@type":"WebSite","@id":"https:\/\/skako.com\/da\/#website","url":"https:\/\/skako.com\/da\/","name":"SKAKO A\/S","description":"Making production flows hassle-free, reliable and sustainable","potentialAction":[{"@type":"SearchAction","target":{"@type":"EntryPoint","urlTemplate":"https:\/\/skako.com\/da\/?s={search_term_string}"},"query-input":{"@type":"PropertyValueSpecification","valueRequired":true,"valueName":"search_term_string"}}],"inLanguage":"da-DK"}]}},"_links":{"self":[{"href":"https:\/\/skako.com\/da\/wp-json\/wp\/v2\/pages\/17713","targetHints":{"allow":["GET"]}}],"collection":[{"href":"https:\/\/skako.com\/da\/wp-json\/wp\/v2\/pages"}],"about":[{"href":"https:\/\/skako.com\/da\/wp-json\/wp\/v2\/types\/page"}],"author":[{"embeddable":true,"href":"https:\/\/skako.com\/da\/wp-json\/wp\/v2\/users\/1"}],"replies":[{"embeddable":true,"href":"https:\/\/skako.com\/da\/wp-json\/wp\/v2\/comments?post=17713"}],"version-history":[{"count":0,"href":"https:\/\/skako.com\/da\/wp-json\/wp\/v2\/pages\/17713\/revisions"}],"wp:attachment":[{"href":"https:\/\/skako.com\/da\/wp-json\/wp\/v2\/media?parent=17713"}],"curies":[{"name":"wp","href":"https:\/\/api.w.org\/{rel}","templated":true}]}}