{"id":19333,"date":"2021-01-22T07:26:31","date_gmt":"2021-01-22T07:26:31","guid":{"rendered":"https:\/\/skako.com\/contact-vibration\/"},"modified":"2025-09-23T11:00:02","modified_gmt":"2025-09-23T11:00:02","slug":"contact","status":"publish","type":"page","link":"https:\/\/skako.com\/da\/about\/contact\/","title":{"rendered":"Kontakt"},"content":{"rendered":"","protected":false},"excerpt":{"rendered":"","protected":false},"author":1,"featured_media":0,"parent":17713,"menu_order":0,"comment_status":"closed","ping_status":"closed","template":"","meta":{"_acf_changed":true,"inline_featured_image":false,"footnotes":""},"class_list":["post-19333","page","type-page","status-publish","hentry"],"acf":[],"yoast_head":"<!-- This site is optimized with the Yoast SEO plugin v26.9 - https:\/\/yoast.com\/product\/yoast-seo-wordpress\/ -->\n<title>Kontakt os i dag | Vi finder en l\u00f8sning til dig | SKAKO<\/title>\n<meta name=\"description\" content=\"Kontakt SKAKO for sp\u00f8rgsm\u00e5l om vores l\u00f8sninger eller produkter. F\u00e5 support og information om vores vibrationsteknologiske l\u00f8sninger.\" \/>\n<meta name=\"robots\" content=\"index, follow, max-snippet:-1, max-image-preview:large, max-video-preview:-1\" \/>\n<link rel=\"canonical\" href=\"https:\/\/skako.com\/da\/about\/contact\/\" \/>\n<meta property=\"og:locale\" content=\"da_DK\" \/>\n<meta property=\"og:type\" content=\"article\" \/>\n<meta property=\"og:title\" content=\"Kontakt os i dag | Vi finder en l\u00f8sning til dig | SKAKO\" \/>\n<meta property=\"og:description\" content=\"Kontakt SKAKO for sp\u00f8rgsm\u00e5l om vores l\u00f8sninger eller produkter. F\u00e5 support og information om vores vibrationsteknologiske l\u00f8sninger.\" \/>\n<meta property=\"og:url\" content=\"https:\/\/skako.com\/da\/about\/contact\/\" \/>\n<meta property=\"og:site_name\" content=\"SKAKO A\/S\" \/>\n<meta property=\"article:modified_time\" content=\"2025-09-23T11:00:02+00:00\" \/>\n<meta name=\"twitter:card\" content=\"summary_large_image\" \/>\n<script type=\"application\/ld+json\" class=\"yoast-schema-graph\">{\"@context\":\"https:\/\/schema.org\",\"@graph\":[{\"@type\":\"WebPage\",\"@id\":\"https:\/\/skako.com\/da\/about\/contact\/\",\"url\":\"https:\/\/skako.com\/da\/about\/contact\/\",\"name\":\"Kontakt os i dag | Vi finder en l\u00f8sning til dig | SKAKO\",\"isPartOf\":{\"@id\":\"https:\/\/skako.com\/da\/#website\"},\"datePublished\":\"2021-01-22T07:26:31+00:00\",\"dateModified\":\"2025-09-23T11:00:02+00:00\",\"description\":\"Kontakt SKAKO for sp\u00f8rgsm\u00e5l om vores l\u00f8sninger eller produkter. F\u00e5 support og information om vores vibrationsteknologiske l\u00f8sninger.\",\"breadcrumb\":{\"@id\":\"https:\/\/skako.com\/da\/about\/contact\/#breadcrumb\"},\"inLanguage\":\"da-DK\",\"potentialAction\":[{\"@type\":\"ReadAction\",\"target\":[\"https:\/\/skako.com\/da\/about\/contact\/\"]}]},{\"@type\":\"BreadcrumbList\",\"@id\":\"https:\/\/skako.com\/da\/about\/contact\/#breadcrumb\",\"itemListElement\":[{\"@type\":\"ListItem\",\"position\":1,\"name\":\"Home\",\"item\":\"https:\/\/skako.com\/da\/\"},{\"@type\":\"ListItem\",\"position\":2,\"name\":\"Om\",\"item\":\"https:\/\/skako.com\/da\/about\/\"},{\"@type\":\"ListItem\",\"position\":3,\"name\":\"Kontakt\"}]},{\"@type\":\"WebSite\",\"@id\":\"https:\/\/skako.com\/da\/#website\",\"url\":\"https:\/\/skako.com\/da\/\",\"name\":\"SKAKO A\/S\",\"description\":\"Making production flows hassle-free, reliable and sustainable\",\"potentialAction\":[{\"@type\":\"SearchAction\",\"target\":{\"@type\":\"EntryPoint\",\"urlTemplate\":\"https:\/\/skako.com\/da\/?s={search_term_string}\"},\"query-input\":{\"@type\":\"PropertyValueSpecification\",\"valueRequired\":true,\"valueName\":\"search_term_string\"}}],\"inLanguage\":\"da-DK\"}]}<\/script>\n<!-- \/ Yoast SEO plugin. -->","yoast_head_json":{"title":"Kontakt os i dag | Vi finder en l\u00f8sning til dig | SKAKO","description":"Kontakt SKAKO for sp\u00f8rgsm\u00e5l om vores l\u00f8sninger eller produkter. F\u00e5 support og information om vores vibrationsteknologiske l\u00f8sninger.","robots":{"index":"index","follow":"follow","max-snippet":"max-snippet:-1","max-image-preview":"max-image-preview:large","max-video-preview":"max-video-preview:-1"},"canonical":"https:\/\/skako.com\/da\/about\/contact\/","og_locale":"da_DK","og_type":"article","og_title":"Kontakt os i dag | Vi finder en l\u00f8sning til dig | SKAKO","og_description":"Kontakt SKAKO for sp\u00f8rgsm\u00e5l om vores l\u00f8sninger eller produkter. F\u00e5 support og information om vores vibrationsteknologiske l\u00f8sninger.","og_url":"https:\/\/skako.com\/da\/about\/contact\/","og_site_name":"SKAKO A\/S","article_modified_time":"2025-09-23T11:00:02+00:00","twitter_card":"summary_large_image","schema":{"@context":"https:\/\/schema.org","@graph":[{"@type":"WebPage","@id":"https:\/\/skako.com\/da\/about\/contact\/","url":"https:\/\/skako.com\/da\/about\/contact\/","name":"Kontakt os i dag | Vi finder en l\u00f8sning til dig | SKAKO","isPartOf":{"@id":"https:\/\/skako.com\/da\/#website"},"datePublished":"2021-01-22T07:26:31+00:00","dateModified":"2025-09-23T11:00:02+00:00","description":"Kontakt SKAKO for sp\u00f8rgsm\u00e5l om vores l\u00f8sninger eller produkter. F\u00e5 support og information om vores vibrationsteknologiske l\u00f8sninger.","breadcrumb":{"@id":"https:\/\/skako.com\/da\/about\/contact\/#breadcrumb"},"inLanguage":"da-DK","potentialAction":[{"@type":"ReadAction","target":["https:\/\/skako.com\/da\/about\/contact\/"]}]},{"@type":"BreadcrumbList","@id":"https:\/\/skako.com\/da\/about\/contact\/#breadcrumb","itemListElement":[{"@type":"ListItem","position":1,"name":"Home","item":"https:\/\/skako.com\/da\/"},{"@type":"ListItem","position":2,"name":"Om","item":"https:\/\/skako.com\/da\/about\/"},{"@type":"ListItem","position":3,"name":"Kontakt"}]},{"@type":"WebSite","@id":"https:\/\/skako.com\/da\/#website","url":"https:\/\/skako.com\/da\/","name":"SKAKO A\/S","description":"Making production flows hassle-free, reliable and sustainable","potentialAction":[{"@type":"SearchAction","target":{"@type":"EntryPoint","urlTemplate":"https:\/\/skako.com\/da\/?s={search_term_string}"},"query-input":{"@type":"PropertyValueSpecification","valueRequired":true,"valueName":"search_term_string"}}],"inLanguage":"da-DK"}]}},"_links":{"self":[{"href":"https:\/\/skako.com\/da\/wp-json\/wp\/v2\/pages\/19333","targetHints":{"allow":["GET"]}}],"collection":[{"href":"https:\/\/skako.com\/da\/wp-json\/wp\/v2\/pages"}],"about":[{"href":"https:\/\/skako.com\/da\/wp-json\/wp\/v2\/types\/page"}],"author":[{"embeddable":true,"href":"https:\/\/skako.com\/da\/wp-json\/wp\/v2\/users\/1"}],"replies":[{"embeddable":true,"href":"https:\/\/skako.com\/da\/wp-json\/wp\/v2\/comments?post=19333"}],"version-history":[{"count":0,"href":"https:\/\/skako.com\/da\/wp-json\/wp\/v2\/pages\/19333\/revisions"}],"up":[{"embeddable":true,"href":"https:\/\/skako.com\/da\/wp-json\/wp\/v2\/pages\/17713"}],"wp:attachment":[{"href":"https:\/\/skako.com\/da\/wp-json\/wp\/v2\/media?parent=19333"}],"curies":[{"name":"wp","href":"https:\/\/api.w.org\/{rel}","templated":true}]}}