{"id":19356,"date":"2021-10-18T08:47:45","date_gmt":"2021-10-18T08:47:45","guid":{"rendered":"https:\/\/skako.com\/recycling\/"},"modified":"2025-09-23T11:00:19","modified_gmt":"2025-09-23T11:00:19","slug":"sustainability","status":"publish","type":"page","link":"https:\/\/skako.com\/da\/about\/sustainability\/","title":{"rendered":"Sustainability"},"content":{"rendered":"","protected":false},"excerpt":{"rendered":"","protected":false},"author":1,"featured_media":0,"parent":17713,"menu_order":0,"comment_status":"closed","ping_status":"closed","template":"","meta":{"_acf_changed":true,"inline_featured_image":false,"footnotes":""},"class_list":["post-19356","page","type-page","status-publish","hentry"],"acf":[],"yoast_head":"<!-- This site is optimized with the Yoast SEO plugin v26.9 - https:\/\/yoast.com\/product\/yoast-seo-wordpress\/ -->\n<title>B\u00e6redygtighed og milj\u00f8indsats | SKAKO<\/title>\n<meta name=\"description\" content=\"L\u00e6s om SKAKOs fokus p\u00e5 b\u00e6redygtighed og vores m\u00e5l for energiforbrug og genanvendelse. Vi skaber innovative l\u00f8sninger til en gr\u00f8nnere fremtid.\" \/>\n<meta name=\"robots\" content=\"index, follow, max-snippet:-1, max-image-preview:large, max-video-preview:-1\" \/>\n<link rel=\"canonical\" href=\"https:\/\/skako.com\/da\/about\/sustainability\/\" \/>\n<meta property=\"og:locale\" content=\"da_DK\" \/>\n<meta property=\"og:type\" content=\"article\" \/>\n<meta property=\"og:title\" content=\"B\u00e6redygtighed og milj\u00f8indsats | SKAKO\" \/>\n<meta property=\"og:description\" content=\"L\u00e6s om SKAKOs fokus p\u00e5 b\u00e6redygtighed og vores m\u00e5l for energiforbrug og genanvendelse. Vi skaber innovative l\u00f8sninger til en gr\u00f8nnere fremtid.\" \/>\n<meta property=\"og:url\" content=\"https:\/\/skako.com\/da\/about\/sustainability\/\" \/>\n<meta property=\"og:site_name\" content=\"SKAKO A\/S\" \/>\n<meta property=\"article:modified_time\" content=\"2025-09-23T11:00:19+00:00\" \/>\n<meta name=\"twitter:card\" content=\"summary_large_image\" \/>\n<script type=\"application\/ld+json\" class=\"yoast-schema-graph\">{\"@context\":\"https:\/\/schema.org\",\"@graph\":[{\"@type\":\"WebPage\",\"@id\":\"https:\/\/skako.com\/da\/about\/sustainability\/\",\"url\":\"https:\/\/skako.com\/da\/about\/sustainability\/\",\"name\":\"B\u00e6redygtighed og milj\u00f8indsats | SKAKO\",\"isPartOf\":{\"@id\":\"https:\/\/skako.com\/da\/#website\"},\"datePublished\":\"2021-10-18T08:47:45+00:00\",\"dateModified\":\"2025-09-23T11:00:19+00:00\",\"description\":\"L\u00e6s om SKAKOs fokus p\u00e5 b\u00e6redygtighed og vores m\u00e5l for energiforbrug og genanvendelse. Vi skaber innovative l\u00f8sninger til en gr\u00f8nnere fremtid.\",\"breadcrumb\":{\"@id\":\"https:\/\/skako.com\/da\/about\/sustainability\/#breadcrumb\"},\"inLanguage\":\"da-DK\",\"potentialAction\":[{\"@type\":\"ReadAction\",\"target\":[\"https:\/\/skako.com\/da\/about\/sustainability\/\"]}]},{\"@type\":\"BreadcrumbList\",\"@id\":\"https:\/\/skako.com\/da\/about\/sustainability\/#breadcrumb\",\"itemListElement\":[{\"@type\":\"ListItem\",\"position\":1,\"name\":\"Home\",\"item\":\"https:\/\/skako.com\/da\/\"},{\"@type\":\"ListItem\",\"position\":2,\"name\":\"Om\",\"item\":\"https:\/\/skako.com\/da\/about\/\"},{\"@type\":\"ListItem\",\"position\":3,\"name\":\"Sustainability\"}]},{\"@type\":\"WebSite\",\"@id\":\"https:\/\/skako.com\/da\/#website\",\"url\":\"https:\/\/skako.com\/da\/\",\"name\":\"SKAKO A\/S\",\"description\":\"Making production flows hassle-free, reliable and sustainable\",\"potentialAction\":[{\"@type\":\"SearchAction\",\"target\":{\"@type\":\"EntryPoint\",\"urlTemplate\":\"https:\/\/skako.com\/da\/?s={search_term_string}\"},\"query-input\":{\"@type\":\"PropertyValueSpecification\",\"valueRequired\":true,\"valueName\":\"search_term_string\"}}],\"inLanguage\":\"da-DK\"}]}<\/script>\n<!-- \/ Yoast SEO plugin. -->","yoast_head_json":{"title":"B\u00e6redygtighed og milj\u00f8indsats | SKAKO","description":"L\u00e6s om SKAKOs fokus p\u00e5 b\u00e6redygtighed og vores m\u00e5l for energiforbrug og genanvendelse. Vi skaber innovative l\u00f8sninger til en gr\u00f8nnere fremtid.","robots":{"index":"index","follow":"follow","max-snippet":"max-snippet:-1","max-image-preview":"max-image-preview:large","max-video-preview":"max-video-preview:-1"},"canonical":"https:\/\/skako.com\/da\/about\/sustainability\/","og_locale":"da_DK","og_type":"article","og_title":"B\u00e6redygtighed og milj\u00f8indsats | SKAKO","og_description":"L\u00e6s om SKAKOs fokus p\u00e5 b\u00e6redygtighed og vores m\u00e5l for energiforbrug og genanvendelse. Vi skaber innovative l\u00f8sninger til en gr\u00f8nnere fremtid.","og_url":"https:\/\/skako.com\/da\/about\/sustainability\/","og_site_name":"SKAKO A\/S","article_modified_time":"2025-09-23T11:00:19+00:00","twitter_card":"summary_large_image","schema":{"@context":"https:\/\/schema.org","@graph":[{"@type":"WebPage","@id":"https:\/\/skako.com\/da\/about\/sustainability\/","url":"https:\/\/skako.com\/da\/about\/sustainability\/","name":"B\u00e6redygtighed og milj\u00f8indsats | SKAKO","isPartOf":{"@id":"https:\/\/skako.com\/da\/#website"},"datePublished":"2021-10-18T08:47:45+00:00","dateModified":"2025-09-23T11:00:19+00:00","description":"L\u00e6s om SKAKOs fokus p\u00e5 b\u00e6redygtighed og vores m\u00e5l for energiforbrug og genanvendelse. Vi skaber innovative l\u00f8sninger til en gr\u00f8nnere fremtid.","breadcrumb":{"@id":"https:\/\/skako.com\/da\/about\/sustainability\/#breadcrumb"},"inLanguage":"da-DK","potentialAction":[{"@type":"ReadAction","target":["https:\/\/skako.com\/da\/about\/sustainability\/"]}]},{"@type":"BreadcrumbList","@id":"https:\/\/skako.com\/da\/about\/sustainability\/#breadcrumb","itemListElement":[{"@type":"ListItem","position":1,"name":"Home","item":"https:\/\/skako.com\/da\/"},{"@type":"ListItem","position":2,"name":"Om","item":"https:\/\/skako.com\/da\/about\/"},{"@type":"ListItem","position":3,"name":"Sustainability"}]},{"@type":"WebSite","@id":"https:\/\/skako.com\/da\/#website","url":"https:\/\/skako.com\/da\/","name":"SKAKO A\/S","description":"Making production flows hassle-free, reliable and sustainable","potentialAction":[{"@type":"SearchAction","target":{"@type":"EntryPoint","urlTemplate":"https:\/\/skako.com\/da\/?s={search_term_string}"},"query-input":{"@type":"PropertyValueSpecification","valueRequired":true,"valueName":"search_term_string"}}],"inLanguage":"da-DK"}]}},"_links":{"self":[{"href":"https:\/\/skako.com\/da\/wp-json\/wp\/v2\/pages\/19356","targetHints":{"allow":["GET"]}}],"collection":[{"href":"https:\/\/skako.com\/da\/wp-json\/wp\/v2\/pages"}],"about":[{"href":"https:\/\/skako.com\/da\/wp-json\/wp\/v2\/types\/page"}],"author":[{"embeddable":true,"href":"https:\/\/skako.com\/da\/wp-json\/wp\/v2\/users\/1"}],"replies":[{"embeddable":true,"href":"https:\/\/skako.com\/da\/wp-json\/wp\/v2\/comments?post=19356"}],"version-history":[{"count":0,"href":"https:\/\/skako.com\/da\/wp-json\/wp\/v2\/pages\/19356\/revisions"}],"up":[{"embeddable":true,"href":"https:\/\/skako.com\/da\/wp-json\/wp\/v2\/pages\/17713"}],"wp:attachment":[{"href":"https:\/\/skako.com\/da\/wp-json\/wp\/v2\/media?parent=19356"}],"curies":[{"name":"wp","href":"https:\/\/api.w.org\/{rel}","templated":true}]}}