{"id":30924,"date":"2025-05-28T10:29:02","date_gmt":"2025-05-28T10:29:02","guid":{"rendered":"https:\/\/skako.com\/?page_id=30924"},"modified":"2025-09-23T11:34:28","modified_gmt":"2025-09-23T11:34:28","slug":"industrier","status":"publish","type":"page","link":"https:\/\/skako.com\/da\/industrier\/","title":{"rendered":"Industrier"},"content":{"rendered":"","protected":false},"excerpt":{"rendered":"","protected":false},"author":20,"featured_media":0,"parent":0,"menu_order":0,"comment_status":"closed","ping_status":"closed","template":"","meta":{"_acf_changed":true,"inline_featured_image":false,"footnotes":""},"class_list":["post-30924","page","type-page","status-publish","hentry"],"acf":[],"yoast_head":"<!-- This site is optimized with the Yoast SEO plugin v27.6 - https:\/\/yoast.com\/product\/yoast-seo-wordpress\/ -->\n<title>L\u00f8sninger til flere industrier | SKAKO<\/title>\n<meta name=\"description\" content=\"Dyk ned i produktsortimentet til jeres industri. F\u00e5 mere at vide om vores innovative vibrationsl\u00f8sninger.\" \/>\n<meta name=\"robots\" content=\"index, follow, max-snippet:-1, max-image-preview:large, max-video-preview:-1\" \/>\n<link rel=\"canonical\" href=\"https:\/\/skako.com\/da\/industrier\/\" \/>\n<meta property=\"og:locale\" content=\"da_DK\" \/>\n<meta property=\"og:type\" content=\"article\" \/>\n<meta property=\"og:title\" content=\"L\u00f8sninger til flere industrier | SKAKO\" \/>\n<meta property=\"og:description\" content=\"Dyk ned i produktsortimentet til jeres industri. F\u00e5 mere at vide om vores innovative vibrationsl\u00f8sninger.\" \/>\n<meta property=\"og:url\" content=\"https:\/\/skako.com\/da\/industrier\/\" \/>\n<meta property=\"og:site_name\" content=\"SKAKO A\/S\" \/>\n<meta property=\"article:modified_time\" content=\"2025-09-23T11:34:28+00:00\" \/>\n<meta name=\"twitter:card\" content=\"summary_large_image\" \/>\n<script type=\"application\/ld+json\" class=\"yoast-schema-graph\">{\"@context\":\"https:\\\/\\\/schema.org\",\"@graph\":[{\"@type\":\"WebPage\",\"@id\":\"https:\\\/\\\/skako.com\\\/da\\\/industrier\\\/\",\"url\":\"https:\\\/\\\/skako.com\\\/da\\\/industrier\\\/\",\"name\":\"L\u00f8sninger til flere industrier | SKAKO\",\"isPartOf\":{\"@id\":\"https:\\\/\\\/skako.com\\\/da\\\/#website\"},\"datePublished\":\"2025-05-28T10:29:02+00:00\",\"dateModified\":\"2025-09-23T11:34:28+00:00\",\"description\":\"Dyk ned i produktsortimentet til jeres industri. F\u00e5 mere at vide om vores innovative vibrationsl\u00f8sninger.\",\"breadcrumb\":{\"@id\":\"https:\\\/\\\/skako.com\\\/da\\\/industrier\\\/#breadcrumb\"},\"inLanguage\":\"da-DK\",\"potentialAction\":[{\"@type\":\"ReadAction\",\"target\":[\"https:\\\/\\\/skako.com\\\/da\\\/industrier\\\/\"]}]},{\"@type\":\"BreadcrumbList\",\"@id\":\"https:\\\/\\\/skako.com\\\/da\\\/industrier\\\/#breadcrumb\",\"itemListElement\":[{\"@type\":\"ListItem\",\"position\":1,\"name\":\"Home\",\"item\":\"https:\\\/\\\/skako.com\\\/da\\\/\"},{\"@type\":\"ListItem\",\"position\":2,\"name\":\"Industrier\"}]},{\"@type\":\"WebSite\",\"@id\":\"https:\\\/\\\/skako.com\\\/da\\\/#website\",\"url\":\"https:\\\/\\\/skako.com\\\/da\\\/\",\"name\":\"SKAKO A\\\/S\",\"description\":\"Making production flows hassle-free, reliable and sustainable\",\"potentialAction\":[{\"@type\":\"SearchAction\",\"target\":{\"@type\":\"EntryPoint\",\"urlTemplate\":\"https:\\\/\\\/skako.com\\\/da\\\/?s={search_term_string}\"},\"query-input\":{\"@type\":\"PropertyValueSpecification\",\"valueRequired\":true,\"valueName\":\"search_term_string\"}}],\"inLanguage\":\"da-DK\"}]}<\/script>\n<!-- \/ Yoast SEO plugin. -->","yoast_head_json":{"title":"L\u00f8sninger til flere industrier | SKAKO","description":"Dyk ned i produktsortimentet til jeres industri. F\u00e5 mere at vide om vores innovative vibrationsl\u00f8sninger.","robots":{"index":"index","follow":"follow","max-snippet":"max-snippet:-1","max-image-preview":"max-image-preview:large","max-video-preview":"max-video-preview:-1"},"canonical":"https:\/\/skako.com\/da\/industrier\/","og_locale":"da_DK","og_type":"article","og_title":"L\u00f8sninger til flere industrier | SKAKO","og_description":"Dyk ned i produktsortimentet til jeres industri. F\u00e5 mere at vide om vores innovative vibrationsl\u00f8sninger.","og_url":"https:\/\/skako.com\/da\/industrier\/","og_site_name":"SKAKO A\/S","article_modified_time":"2025-09-23T11:34:28+00:00","twitter_card":"summary_large_image","schema":{"@context":"https:\/\/schema.org","@graph":[{"@type":"WebPage","@id":"https:\/\/skako.com\/da\/industrier\/","url":"https:\/\/skako.com\/da\/industrier\/","name":"L\u00f8sninger til flere industrier | SKAKO","isPartOf":{"@id":"https:\/\/skako.com\/da\/#website"},"datePublished":"2025-05-28T10:29:02+00:00","dateModified":"2025-09-23T11:34:28+00:00","description":"Dyk ned i produktsortimentet til jeres industri. F\u00e5 mere at vide om vores innovative vibrationsl\u00f8sninger.","breadcrumb":{"@id":"https:\/\/skako.com\/da\/industrier\/#breadcrumb"},"inLanguage":"da-DK","potentialAction":[{"@type":"ReadAction","target":["https:\/\/skako.com\/da\/industrier\/"]}]},{"@type":"BreadcrumbList","@id":"https:\/\/skako.com\/da\/industrier\/#breadcrumb","itemListElement":[{"@type":"ListItem","position":1,"name":"Home","item":"https:\/\/skako.com\/da\/"},{"@type":"ListItem","position":2,"name":"Industrier"}]},{"@type":"WebSite","@id":"https:\/\/skako.com\/da\/#website","url":"https:\/\/skako.com\/da\/","name":"SKAKO A\/S","description":"Making production flows hassle-free, reliable and sustainable","potentialAction":[{"@type":"SearchAction","target":{"@type":"EntryPoint","urlTemplate":"https:\/\/skako.com\/da\/?s={search_term_string}"},"query-input":{"@type":"PropertyValueSpecification","valueRequired":true,"valueName":"search_term_string"}}],"inLanguage":"da-DK"}]}},"_links":{"self":[{"href":"https:\/\/skako.com\/da\/wp-json\/wp\/v2\/pages\/30924","targetHints":{"allow":["GET"]}}],"collection":[{"href":"https:\/\/skako.com\/da\/wp-json\/wp\/v2\/pages"}],"about":[{"href":"https:\/\/skako.com\/da\/wp-json\/wp\/v2\/types\/page"}],"author":[{"embeddable":true,"href":"https:\/\/skako.com\/da\/wp-json\/wp\/v2\/users\/20"}],"replies":[{"embeddable":true,"href":"https:\/\/skako.com\/da\/wp-json\/wp\/v2\/comments?post=30924"}],"version-history":[{"count":0,"href":"https:\/\/skako.com\/da\/wp-json\/wp\/v2\/pages\/30924\/revisions"}],"wp:attachment":[{"href":"https:\/\/skako.com\/da\/wp-json\/wp\/v2\/media?parent=30924"}],"curies":[{"name":"wp","href":"https:\/\/api.w.org\/{rel}","templated":true}]}}