{"id":28862,"date":"2024-03-18T06:17:18","date_gmt":"2024-03-18T06:17:18","guid":{"rendered":"https:\/\/skako.com\/product\/furnace-feeders\/"},"modified":"2025-09-23T12:18:30","modified_gmt":"2025-09-23T12:18:30","slug":"furnace-feeders","status":"publish","type":"product","link":"https:\/\/skako.com\/de\/product\/furnace-feeders\/","title":{"rendered":"Hitzebest\u00e4ndige-Ofenbeschickungs-F\u00f6rderrinnen"},"content":{"rendered":"","protected":false},"featured_media":26410,"parent":0,"menu_order":4,"template":"","meta":{"_acf_changed":true,"inline_featured_image":false},"vibration":[118],"products_category":[265],"class_list":["post-28862","product","type-product","status-publish","has-post-thumbnail","hentry","vibration-fasteners-de","products_category-feeders-de"],"acf":[],"yoast_head":"<!-- This site is optimized with the Yoast SEO plugin v26.9 - https:\/\/yoast.com\/product\/yoast-seo-wordpress\/ -->\n<title>Hitzebest\u00e4ndige F\u00f6rderrinnen | SKAKO<\/title>\n<meta name=\"description\" content=\"Hitzebest\u00e4ndige F\u00f6rderrinnen von SKAKO f\u00fcr den pr\u00e4zisen Transport hei\u00dfer Materialien in Hochtemperaturumgebungen.\" \/>\n<meta name=\"robots\" content=\"index, follow, max-snippet:-1, max-image-preview:large, max-video-preview:-1\" \/>\n<link rel=\"canonical\" href=\"https:\/\/skako.com\/de\/product\/furnace-feeders\/\" \/>\n<meta property=\"og:locale\" content=\"de_DE\" \/>\n<meta property=\"og:type\" content=\"article\" \/>\n<meta property=\"og:title\" content=\"Hitzebest\u00e4ndige F\u00f6rderrinnen | SKAKO\" \/>\n<meta property=\"og:description\" content=\"Hitzebest\u00e4ndige F\u00f6rderrinnen von SKAKO f\u00fcr den pr\u00e4zisen Transport hei\u00dfer Materialien in Hochtemperaturumgebungen.\" \/>\n<meta property=\"og:url\" content=\"https:\/\/skako.com\/de\/product\/furnace-feeders\/\" \/>\n<meta property=\"og:site_name\" content=\"SKAKO A\/S\" \/>\n<meta property=\"article:modified_time\" content=\"2025-09-23T12:18:30+00:00\" \/>\n<meta property=\"og:image\" content=\"https:\/\/skako.com\/wp-content\/uploads\/2024\/03\/FC_slider_small_img1.jpg\" \/>\n\t<meta property=\"og:image:width\" content=\"630\" \/>\n\t<meta property=\"og:image:height\" content=\"366\" \/>\n\t<meta property=\"og:image:type\" content=\"image\/jpeg\" \/>\n<meta name=\"twitter:card\" content=\"summary_large_image\" \/>\n<meta name=\"twitter:label1\" content=\"Gesch\u00e4tzte Lesezeit\" \/>\n\t<meta name=\"twitter:data1\" content=\"1 Minute\" \/>\n<script type=\"application\/ld+json\" class=\"yoast-schema-graph\">{\"@context\":\"https:\/\/schema.org\",\"@graph\":[{\"@type\":\"WebPage\",\"@id\":\"https:\/\/skako.com\/de\/product\/furnace-feeders\/\",\"url\":\"https:\/\/skako.com\/de\/product\/furnace-feeders\/\",\"name\":\"Hitzebest\u00e4ndige F\u00f6rderrinnen | SKAKO\",\"isPartOf\":{\"@id\":\"https:\/\/skako.com\/de\/#website\"},\"primaryImageOfPage\":{\"@id\":\"https:\/\/skako.com\/de\/product\/furnace-feeders\/#primaryimage\"},\"image\":{\"@id\":\"https:\/\/skako.com\/de\/product\/furnace-feeders\/#primaryimage\"},\"thumbnailUrl\":\"https:\/\/skako.com\/wp-content\/uploads\/2024\/03\/FC_slider_small_img1.jpg\",\"datePublished\":\"2024-03-18T06:17:18+00:00\",\"dateModified\":\"2025-09-23T12:18:30+00:00\",\"description\":\"Hitzebest\u00e4ndige F\u00f6rderrinnen von SKAKO f\u00fcr den pr\u00e4zisen Transport hei\u00dfer Materialien in Hochtemperaturumgebungen.\",\"breadcrumb\":{\"@id\":\"https:\/\/skako.com\/de\/product\/furnace-feeders\/#breadcrumb\"},\"inLanguage\":\"de-DE\",\"potentialAction\":[{\"@type\":\"ReadAction\",\"target\":[\"https:\/\/skako.com\/de\/product\/furnace-feeders\/\"]}]},{\"@type\":\"ImageObject\",\"inLanguage\":\"de-DE\",\"@id\":\"https:\/\/skako.com\/de\/product\/furnace-feeders\/#primaryimage\",\"url\":\"https:\/\/skako.com\/wp-content\/uploads\/2024\/03\/FC_slider_small_img1.jpg\",\"contentUrl\":\"https:\/\/skako.com\/wp-content\/uploads\/2024\/03\/FC_slider_small_img1.jpg\",\"width\":630,\"height\":366},{\"@type\":\"BreadcrumbList\",\"@id\":\"https:\/\/skako.com\/de\/product\/furnace-feeders\/#breadcrumb\",\"itemListElement\":[{\"@type\":\"ListItem\",\"position\":1,\"name\":\"Home\",\"item\":\"https:\/\/skako.com\/de\/\"},{\"@type\":\"ListItem\",\"position\":2,\"name\":\"Hitzebest\u00e4ndige-Ofenbeschickungs-F\u00f6rderrinnen\"}]},{\"@type\":\"WebSite\",\"@id\":\"https:\/\/skako.com\/de\/#website\",\"url\":\"https:\/\/skako.com\/de\/\",\"name\":\"SKAKO A\/S\",\"description\":\"Making production flows hassle-free, reliable and sustainable\",\"potentialAction\":[{\"@type\":\"SearchAction\",\"target\":{\"@type\":\"EntryPoint\",\"urlTemplate\":\"https:\/\/skako.com\/de\/?s={search_term_string}\"},\"query-input\":{\"@type\":\"PropertyValueSpecification\",\"valueRequired\":true,\"valueName\":\"search_term_string\"}}],\"inLanguage\":\"de-DE\"}]}<\/script>\n<!-- \/ Yoast SEO plugin. -->","yoast_head_json":{"title":"Hitzebest\u00e4ndige F\u00f6rderrinnen | SKAKO","description":"Hitzebest\u00e4ndige F\u00f6rderrinnen von SKAKO f\u00fcr den pr\u00e4zisen Transport hei\u00dfer Materialien in Hochtemperaturumgebungen.","robots":{"index":"index","follow":"follow","max-snippet":"max-snippet:-1","max-image-preview":"max-image-preview:large","max-video-preview":"max-video-preview:-1"},"canonical":"https:\/\/skako.com\/de\/product\/furnace-feeders\/","og_locale":"de_DE","og_type":"article","og_title":"Hitzebest\u00e4ndige F\u00f6rderrinnen | SKAKO","og_description":"Hitzebest\u00e4ndige F\u00f6rderrinnen von SKAKO f\u00fcr den pr\u00e4zisen Transport hei\u00dfer Materialien in Hochtemperaturumgebungen.","og_url":"https:\/\/skako.com\/de\/product\/furnace-feeders\/","og_site_name":"SKAKO A\/S","article_modified_time":"2025-09-23T12:18:30+00:00","og_image":[{"width":630,"height":366,"url":"https:\/\/skako.com\/wp-content\/uploads\/2024\/03\/FC_slider_small_img1.jpg","type":"image\/jpeg"}],"twitter_card":"summary_large_image","twitter_misc":{"Gesch\u00e4tzte Lesezeit":"1 Minute"},"schema":{"@context":"https:\/\/schema.org","@graph":[{"@type":"WebPage","@id":"https:\/\/skako.com\/de\/product\/furnace-feeders\/","url":"https:\/\/skako.com\/de\/product\/furnace-feeders\/","name":"Hitzebest\u00e4ndige F\u00f6rderrinnen | SKAKO","isPartOf":{"@id":"https:\/\/skako.com\/de\/#website"},"primaryImageOfPage":{"@id":"https:\/\/skako.com\/de\/product\/furnace-feeders\/#primaryimage"},"image":{"@id":"https:\/\/skako.com\/de\/product\/furnace-feeders\/#primaryimage"},"thumbnailUrl":"https:\/\/skako.com\/wp-content\/uploads\/2024\/03\/FC_slider_small_img1.jpg","datePublished":"2024-03-18T06:17:18+00:00","dateModified":"2025-09-23T12:18:30+00:00","description":"Hitzebest\u00e4ndige F\u00f6rderrinnen von SKAKO f\u00fcr den pr\u00e4zisen Transport hei\u00dfer Materialien in Hochtemperaturumgebungen.","breadcrumb":{"@id":"https:\/\/skako.com\/de\/product\/furnace-feeders\/#breadcrumb"},"inLanguage":"de-DE","potentialAction":[{"@type":"ReadAction","target":["https:\/\/skako.com\/de\/product\/furnace-feeders\/"]}]},{"@type":"ImageObject","inLanguage":"de-DE","@id":"https:\/\/skako.com\/de\/product\/furnace-feeders\/#primaryimage","url":"https:\/\/skako.com\/wp-content\/uploads\/2024\/03\/FC_slider_small_img1.jpg","contentUrl":"https:\/\/skako.com\/wp-content\/uploads\/2024\/03\/FC_slider_small_img1.jpg","width":630,"height":366},{"@type":"BreadcrumbList","@id":"https:\/\/skako.com\/de\/product\/furnace-feeders\/#breadcrumb","itemListElement":[{"@type":"ListItem","position":1,"name":"Home","item":"https:\/\/skako.com\/de\/"},{"@type":"ListItem","position":2,"name":"Hitzebest\u00e4ndige-Ofenbeschickungs-F\u00f6rderrinnen"}]},{"@type":"WebSite","@id":"https:\/\/skako.com\/de\/#website","url":"https:\/\/skako.com\/de\/","name":"SKAKO A\/S","description":"Making production flows hassle-free, reliable and sustainable","potentialAction":[{"@type":"SearchAction","target":{"@type":"EntryPoint","urlTemplate":"https:\/\/skako.com\/de\/?s={search_term_string}"},"query-input":{"@type":"PropertyValueSpecification","valueRequired":true,"valueName":"search_term_string"}}],"inLanguage":"de-DE"}]}},"_links":{"self":[{"href":"https:\/\/skako.com\/de\/wp-json\/wp\/v2\/product\/28862","targetHints":{"allow":["GET"]}}],"collection":[{"href":"https:\/\/skako.com\/de\/wp-json\/wp\/v2\/product"}],"about":[{"href":"https:\/\/skako.com\/de\/wp-json\/wp\/v2\/types\/product"}],"wp:featuredmedia":[{"embeddable":true,"href":"https:\/\/skako.com\/de\/wp-json\/wp\/v2\/media\/26410"}],"wp:attachment":[{"href":"https:\/\/skako.com\/de\/wp-json\/wp\/v2\/media?parent=28862"}],"wp:term":[{"taxonomy":"vibration","embeddable":true,"href":"https:\/\/skako.com\/de\/wp-json\/wp\/v2\/vibration?post=28862"},{"taxonomy":"products_category","embeddable":true,"href":"https:\/\/skako.com\/de\/wp-json\/wp\/v2\/products_category?post=28862"}],"curies":[{"name":"wp","href":"https:\/\/api.w.org\/{rel}","templated":true}]}}