{"id":28871,"date":"2024-03-07T11:32:30","date_gmt":"2024-03-07T11:32:30","guid":{"rendered":"https:\/\/skako.com\/product\/spread-feeders\/"},"modified":"2025-09-23T12:18:40","modified_gmt":"2025-09-23T12:18:40","slug":"spread-feeders","status":"publish","type":"product","link":"https:\/\/skako.com\/es\/product\/spread-feeders\/","title":{"rendered":"Alimentadores esparcidores"},"content":{"rendered":"","protected":false},"featured_media":26346,"parent":0,"menu_order":6,"template":"","meta":{"_acf_changed":true,"inline_featured_image":false},"vibration":[146,151,154],"products_category":[266],"class_list":["post-28871","product","type-product","status-publish","has-post-thumbnail","hentry","vibration-recycling-es","vibration-fasteners-es","vibration-minerals-es","products_category-feeders-es"],"acf":[],"yoast_head":"<!-- This site is optimized with the Yoast SEO plugin v26.9 - https:\/\/yoast.com\/product\/yoast-seo-wordpress\/ -->\n<title>Alimentadores esparcidores | Distribuci\u00f3n uniforme | SKAKO<\/title>\n<meta name=\"description\" content=\"Alimentadores esparcidores SKAKO para una distribuci\u00f3n uniforme de materiales en procesos de producci\u00f3n.\" \/>\n<meta name=\"robots\" content=\"index, follow, max-snippet:-1, max-image-preview:large, max-video-preview:-1\" \/>\n<link rel=\"canonical\" href=\"https:\/\/skako.com\/es\/product\/spread-feeders\/\" \/>\n<meta property=\"og:locale\" content=\"es_ES\" \/>\n<meta property=\"og:type\" content=\"article\" \/>\n<meta property=\"og:title\" content=\"Alimentadores esparcidores | Distribuci\u00f3n uniforme | SKAKO\" \/>\n<meta property=\"og:description\" content=\"Alimentadores esparcidores SKAKO para una distribuci\u00f3n uniforme de materiales en procesos de producci\u00f3n.\" \/>\n<meta property=\"og:url\" content=\"https:\/\/skako.com\/es\/product\/spread-feeders\/\" \/>\n<meta property=\"og:site_name\" content=\"SKAKO A\/S\" \/>\n<meta property=\"article:modified_time\" content=\"2025-09-23T12:18:40+00:00\" \/>\n<meta property=\"og:image\" content=\"https:\/\/skako.com\/wp-content\/uploads\/2024\/03\/SpreadFeeders_slider_small_img1.jpg\" \/>\n\t<meta property=\"og:image:width\" content=\"630\" \/>\n\t<meta property=\"og:image:height\" content=\"366\" \/>\n\t<meta property=\"og:image:type\" content=\"image\/jpeg\" \/>\n<meta name=\"twitter:card\" content=\"summary_large_image\" \/>\n<meta name=\"twitter:label1\" content=\"Tiempo de lectura\" \/>\n\t<meta name=\"twitter:data1\" content=\"1 minuto\" \/>\n<script type=\"application\/ld+json\" class=\"yoast-schema-graph\">{\"@context\":\"https:\/\/schema.org\",\"@graph\":[{\"@type\":\"WebPage\",\"@id\":\"https:\/\/skako.com\/es\/product\/spread-feeders\/\",\"url\":\"https:\/\/skako.com\/es\/product\/spread-feeders\/\",\"name\":\"Alimentadores esparcidores | Distribuci\u00f3n uniforme | SKAKO\",\"isPartOf\":{\"@id\":\"https:\/\/skako.com\/es\/#website\"},\"primaryImageOfPage\":{\"@id\":\"https:\/\/skako.com\/es\/product\/spread-feeders\/#primaryimage\"},\"image\":{\"@id\":\"https:\/\/skako.com\/es\/product\/spread-feeders\/#primaryimage\"},\"thumbnailUrl\":\"https:\/\/skako.com\/wp-content\/uploads\/2024\/03\/SpreadFeeders_slider_small_img1.jpg\",\"datePublished\":\"2024-03-07T11:32:30+00:00\",\"dateModified\":\"2025-09-23T12:18:40+00:00\",\"description\":\"Alimentadores esparcidores SKAKO para una distribuci\u00f3n uniforme de materiales en procesos de producci\u00f3n.\",\"breadcrumb\":{\"@id\":\"https:\/\/skako.com\/es\/product\/spread-feeders\/#breadcrumb\"},\"inLanguage\":\"es\",\"potentialAction\":[{\"@type\":\"ReadAction\",\"target\":[\"https:\/\/skako.com\/es\/product\/spread-feeders\/\"]}]},{\"@type\":\"ImageObject\",\"inLanguage\":\"es\",\"@id\":\"https:\/\/skako.com\/es\/product\/spread-feeders\/#primaryimage\",\"url\":\"https:\/\/skako.com\/wp-content\/uploads\/2024\/03\/SpreadFeeders_slider_small_img1.jpg\",\"contentUrl\":\"https:\/\/skako.com\/wp-content\/uploads\/2024\/03\/SpreadFeeders_slider_small_img1.jpg\",\"width\":630,\"height\":366},{\"@type\":\"BreadcrumbList\",\"@id\":\"https:\/\/skako.com\/es\/product\/spread-feeders\/#breadcrumb\",\"itemListElement\":[{\"@type\":\"ListItem\",\"position\":1,\"name\":\"Home\",\"item\":\"https:\/\/skako.com\/es\/\"},{\"@type\":\"ListItem\",\"position\":2,\"name\":\"Alimentadores esparcidores\"}]},{\"@type\":\"WebSite\",\"@id\":\"https:\/\/skako.com\/es\/#website\",\"url\":\"https:\/\/skako.com\/es\/\",\"name\":\"SKAKO A\/S\",\"description\":\"Making production flows hassle-free, reliable and sustainable\",\"potentialAction\":[{\"@type\":\"SearchAction\",\"target\":{\"@type\":\"EntryPoint\",\"urlTemplate\":\"https:\/\/skako.com\/es\/?s={search_term_string}\"},\"query-input\":{\"@type\":\"PropertyValueSpecification\",\"valueRequired\":true,\"valueName\":\"search_term_string\"}}],\"inLanguage\":\"es\"}]}<\/script>\n<!-- \/ Yoast SEO plugin. -->","yoast_head_json":{"title":"Alimentadores esparcidores | Distribuci\u00f3n uniforme | SKAKO","description":"Alimentadores esparcidores SKAKO para una distribuci\u00f3n uniforme de materiales en procesos de producci\u00f3n.","robots":{"index":"index","follow":"follow","max-snippet":"max-snippet:-1","max-image-preview":"max-image-preview:large","max-video-preview":"max-video-preview:-1"},"canonical":"https:\/\/skako.com\/es\/product\/spread-feeders\/","og_locale":"es_ES","og_type":"article","og_title":"Alimentadores esparcidores | Distribuci\u00f3n uniforme | SKAKO","og_description":"Alimentadores esparcidores SKAKO para una distribuci\u00f3n uniforme de materiales en procesos de producci\u00f3n.","og_url":"https:\/\/skako.com\/es\/product\/spread-feeders\/","og_site_name":"SKAKO A\/S","article_modified_time":"2025-09-23T12:18:40+00:00","og_image":[{"width":630,"height":366,"url":"https:\/\/skako.com\/wp-content\/uploads\/2024\/03\/SpreadFeeders_slider_small_img1.jpg","type":"image\/jpeg"}],"twitter_card":"summary_large_image","twitter_misc":{"Tiempo de lectura":"1 minuto"},"schema":{"@context":"https:\/\/schema.org","@graph":[{"@type":"WebPage","@id":"https:\/\/skako.com\/es\/product\/spread-feeders\/","url":"https:\/\/skako.com\/es\/product\/spread-feeders\/","name":"Alimentadores esparcidores | Distribuci\u00f3n uniforme | SKAKO","isPartOf":{"@id":"https:\/\/skako.com\/es\/#website"},"primaryImageOfPage":{"@id":"https:\/\/skako.com\/es\/product\/spread-feeders\/#primaryimage"},"image":{"@id":"https:\/\/skako.com\/es\/product\/spread-feeders\/#primaryimage"},"thumbnailUrl":"https:\/\/skako.com\/wp-content\/uploads\/2024\/03\/SpreadFeeders_slider_small_img1.jpg","datePublished":"2024-03-07T11:32:30+00:00","dateModified":"2025-09-23T12:18:40+00:00","description":"Alimentadores esparcidores SKAKO para una distribuci\u00f3n uniforme de materiales en procesos de producci\u00f3n.","breadcrumb":{"@id":"https:\/\/skako.com\/es\/product\/spread-feeders\/#breadcrumb"},"inLanguage":"es","potentialAction":[{"@type":"ReadAction","target":["https:\/\/skako.com\/es\/product\/spread-feeders\/"]}]},{"@type":"ImageObject","inLanguage":"es","@id":"https:\/\/skako.com\/es\/product\/spread-feeders\/#primaryimage","url":"https:\/\/skako.com\/wp-content\/uploads\/2024\/03\/SpreadFeeders_slider_small_img1.jpg","contentUrl":"https:\/\/skako.com\/wp-content\/uploads\/2024\/03\/SpreadFeeders_slider_small_img1.jpg","width":630,"height":366},{"@type":"BreadcrumbList","@id":"https:\/\/skako.com\/es\/product\/spread-feeders\/#breadcrumb","itemListElement":[{"@type":"ListItem","position":1,"name":"Home","item":"https:\/\/skako.com\/es\/"},{"@type":"ListItem","position":2,"name":"Alimentadores esparcidores"}]},{"@type":"WebSite","@id":"https:\/\/skako.com\/es\/#website","url":"https:\/\/skako.com\/es\/","name":"SKAKO A\/S","description":"Making production flows hassle-free, reliable and sustainable","potentialAction":[{"@type":"SearchAction","target":{"@type":"EntryPoint","urlTemplate":"https:\/\/skako.com\/es\/?s={search_term_string}"},"query-input":{"@type":"PropertyValueSpecification","valueRequired":true,"valueName":"search_term_string"}}],"inLanguage":"es"}]}},"_links":{"self":[{"href":"https:\/\/skako.com\/es\/wp-json\/wp\/v2\/product\/28871","targetHints":{"allow":["GET"]}}],"collection":[{"href":"https:\/\/skako.com\/es\/wp-json\/wp\/v2\/product"}],"about":[{"href":"https:\/\/skako.com\/es\/wp-json\/wp\/v2\/types\/product"}],"wp:featuredmedia":[{"embeddable":true,"href":"https:\/\/skako.com\/es\/wp-json\/wp\/v2\/media\/26346"}],"wp:attachment":[{"href":"https:\/\/skako.com\/es\/wp-json\/wp\/v2\/media?parent=28871"}],"wp:term":[{"taxonomy":"vibration","embeddable":true,"href":"https:\/\/skako.com\/es\/wp-json\/wp\/v2\/vibration?post=28871"},{"taxonomy":"products_category","embeddable":true,"href":"https:\/\/skako.com\/es\/wp-json\/wp\/v2\/products_category?post=28871"}],"curies":[{"name":"wp","href":"https:\/\/api.w.org\/{rel}","templated":true}]}}