{"id":17736,"date":"2021-01-22T07:38:25","date_gmt":"2021-01-22T07:38:25","guid":{"rendered":"https:\/\/skako.com\/frontpage\/"},"modified":"2025-09-23T10:59:40","modified_gmt":"2025-09-23T10:59:40","slug":"frontpage","status":"publish","type":"page","link":"https:\/\/skako.com\/fr\/","title":{"rendered":"Accueil"},"content":{"rendered":"","protected":false},"excerpt":{"rendered":"","protected":false},"author":1,"featured_media":0,"parent":0,"menu_order":0,"comment_status":"closed","ping_status":"closed","template":"","meta":{"_acf_changed":true,"inline_featured_image":false,"footnotes":""},"class_list":["post-17736","page","type-page","status-publish","hentry"],"acf":[],"yoast_head":"<!-- This site is optimized with the Yoast SEO plugin v26.9 - https:\/\/yoast.com\/product\/yoast-seo-wordpress\/ -->\n<title>SKAKO A\/S - Nous aidons nos clients \u00e0 utiliser et \u00e0 r\u00e9utiliser les ressources de la plan\u00e8te de la meilleure fa\u00e7on possible<\/title>\n<meta name=\"description\" content=\"Nous r\u00e9solvons la complexit\u00e9 au c\u0153ur des petits et des grands projets et impactons la vue d\u2019ensemble en am\u00e9liorant m\u00eame les moindres d\u00e9tails.\" \/>\n<meta name=\"robots\" content=\"index, follow, max-snippet:-1, max-image-preview:large, max-video-preview:-1\" \/>\n<link rel=\"canonical\" href=\"https:\/\/skako.com\/fr\/\" \/>\n<meta property=\"og:locale\" content=\"fr_FR\" \/>\n<meta property=\"og:type\" content=\"article\" \/>\n<meta property=\"og:title\" content=\"SKAKO A\/S - Nous aidons nos clients \u00e0 utiliser et \u00e0 r\u00e9utiliser les ressources de la plan\u00e8te de la meilleure fa\u00e7on possible\" \/>\n<meta property=\"og:description\" content=\"Nous r\u00e9solvons la complexit\u00e9 au c\u0153ur des petits et des grands projets et impactons la vue d\u2019ensemble en am\u00e9liorant m\u00eame les moindres d\u00e9tails.\" \/>\n<meta property=\"og:url\" content=\"https:\/\/skako.com\/fr\/\" \/>\n<meta property=\"og:site_name\" content=\"SKAKO A\/S\" \/>\n<meta property=\"article:modified_time\" content=\"2025-09-23T10:59:40+00:00\" \/>\n<meta name=\"twitter:card\" content=\"summary_large_image\" \/>\n<script type=\"application\/ld+json\" class=\"yoast-schema-graph\">{\"@context\":\"https:\/\/schema.org\",\"@graph\":[{\"@type\":\"WebPage\",\"@id\":\"https:\/\/skako.com\/fr\/\",\"url\":\"https:\/\/skako.com\/fr\/\",\"name\":\"SKAKO A\/S - Nous aidons nos clients \u00e0 utiliser et \u00e0 r\u00e9utiliser les ressources de la plan\u00e8te de la meilleure fa\u00e7on possible\",\"isPartOf\":{\"@id\":\"https:\/\/skako.com\/fr\/#website\"},\"datePublished\":\"2021-01-22T07:38:25+00:00\",\"dateModified\":\"2025-09-23T10:59:40+00:00\",\"description\":\"Nous r\u00e9solvons la complexit\u00e9 au c\u0153ur des petits et des grands projets et impactons la vue d\u2019ensemble en am\u00e9liorant m\u00eame les moindres d\u00e9tails.\",\"breadcrumb\":{\"@id\":\"https:\/\/skako.com\/fr\/#breadcrumb\"},\"inLanguage\":\"fr-FR\",\"potentialAction\":[{\"@type\":\"ReadAction\",\"target\":[\"https:\/\/skako.com\/fr\/\"]}]},{\"@type\":\"BreadcrumbList\",\"@id\":\"https:\/\/skako.com\/fr\/#breadcrumb\",\"itemListElement\":[{\"@type\":\"ListItem\",\"position\":1,\"name\":\"Home\",\"item\":\"https:\/\/skako.com\/fr\/\"},{\"@type\":\"ListItem\",\"position\":2,\"name\":\"Accueil\"}]},{\"@type\":\"WebSite\",\"@id\":\"https:\/\/skako.com\/fr\/#website\",\"url\":\"https:\/\/skako.com\/fr\/\",\"name\":\"SKAKO A\/S\",\"description\":\"Making production flows hassle-free, reliable and sustainable\",\"potentialAction\":[{\"@type\":\"SearchAction\",\"target\":{\"@type\":\"EntryPoint\",\"urlTemplate\":\"https:\/\/skako.com\/fr\/?s={search_term_string}\"},\"query-input\":{\"@type\":\"PropertyValueSpecification\",\"valueRequired\":true,\"valueName\":\"search_term_string\"}}],\"inLanguage\":\"fr-FR\"}]}<\/script>\n<!-- \/ Yoast SEO plugin. -->","yoast_head_json":{"title":"SKAKO A\/S - Nous aidons nos clients \u00e0 utiliser et \u00e0 r\u00e9utiliser les ressources de la plan\u00e8te de la meilleure fa\u00e7on possible","description":"Nous r\u00e9solvons la complexit\u00e9 au c\u0153ur des petits et des grands projets et impactons la vue d\u2019ensemble en am\u00e9liorant m\u00eame les moindres d\u00e9tails.","robots":{"index":"index","follow":"follow","max-snippet":"max-snippet:-1","max-image-preview":"max-image-preview:large","max-video-preview":"max-video-preview:-1"},"canonical":"https:\/\/skako.com\/fr\/","og_locale":"fr_FR","og_type":"article","og_title":"SKAKO A\/S - Nous aidons nos clients \u00e0 utiliser et \u00e0 r\u00e9utiliser les ressources de la plan\u00e8te de la meilleure fa\u00e7on possible","og_description":"Nous r\u00e9solvons la complexit\u00e9 au c\u0153ur des petits et des grands projets et impactons la vue d\u2019ensemble en am\u00e9liorant m\u00eame les moindres d\u00e9tails.","og_url":"https:\/\/skako.com\/fr\/","og_site_name":"SKAKO A\/S","article_modified_time":"2025-09-23T10:59:40+00:00","twitter_card":"summary_large_image","schema":{"@context":"https:\/\/schema.org","@graph":[{"@type":"WebPage","@id":"https:\/\/skako.com\/fr\/","url":"https:\/\/skako.com\/fr\/","name":"SKAKO A\/S - Nous aidons nos clients \u00e0 utiliser et \u00e0 r\u00e9utiliser les ressources de la plan\u00e8te de la meilleure fa\u00e7on possible","isPartOf":{"@id":"https:\/\/skako.com\/fr\/#website"},"datePublished":"2021-01-22T07:38:25+00:00","dateModified":"2025-09-23T10:59:40+00:00","description":"Nous r\u00e9solvons la complexit\u00e9 au c\u0153ur des petits et des grands projets et impactons la vue d\u2019ensemble en am\u00e9liorant m\u00eame les moindres d\u00e9tails.","breadcrumb":{"@id":"https:\/\/skako.com\/fr\/#breadcrumb"},"inLanguage":"fr-FR","potentialAction":[{"@type":"ReadAction","target":["https:\/\/skako.com\/fr\/"]}]},{"@type":"BreadcrumbList","@id":"https:\/\/skako.com\/fr\/#breadcrumb","itemListElement":[{"@type":"ListItem","position":1,"name":"Home","item":"https:\/\/skako.com\/fr\/"},{"@type":"ListItem","position":2,"name":"Accueil"}]},{"@type":"WebSite","@id":"https:\/\/skako.com\/fr\/#website","url":"https:\/\/skako.com\/fr\/","name":"SKAKO A\/S","description":"Making production flows hassle-free, reliable and sustainable","potentialAction":[{"@type":"SearchAction","target":{"@type":"EntryPoint","urlTemplate":"https:\/\/skako.com\/fr\/?s={search_term_string}"},"query-input":{"@type":"PropertyValueSpecification","valueRequired":true,"valueName":"search_term_string"}}],"inLanguage":"fr-FR"}]}},"_links":{"self":[{"href":"https:\/\/skako.com\/fr\/wp-json\/wp\/v2\/pages\/17736","targetHints":{"allow":["GET"]}}],"collection":[{"href":"https:\/\/skako.com\/fr\/wp-json\/wp\/v2\/pages"}],"about":[{"href":"https:\/\/skako.com\/fr\/wp-json\/wp\/v2\/types\/page"}],"author":[{"embeddable":true,"href":"https:\/\/skako.com\/fr\/wp-json\/wp\/v2\/users\/1"}],"replies":[{"embeddable":true,"href":"https:\/\/skako.com\/fr\/wp-json\/wp\/v2\/comments?post=17736"}],"version-history":[{"count":0,"href":"https:\/\/skako.com\/fr\/wp-json\/wp\/v2\/pages\/17736\/revisions"}],"wp:attachment":[{"href":"https:\/\/skako.com\/fr\/wp-json\/wp\/v2\/media?parent=17736"}],"curies":[{"name":"wp","href":"https:\/\/api.w.org\/{rel}","templated":true}]}}