{"id":30704,"date":"2025-05-28T10:13:46","date_gmt":"2025-05-28T10:13:46","guid":{"rendered":"https:\/\/skako.com\/?page_id=30704"},"modified":"2026-04-09T11:51:59","modified_gmt":"2026-04-09T11:51:59","slug":"sverige","status":"publish","type":"page","link":"https:\/\/skako.com\/fr\/sverige\/","title":{"rendered":"SKAKO Sverige"},"content":{"rendered":"","protected":false},"excerpt":{"rendered":"","protected":false},"author":20,"featured_media":0,"parent":0,"menu_order":0,"comment_status":"closed","ping_status":"closed","template":"","meta":{"_acf_changed":true,"inline_featured_image":false,"footnotes":""},"class_list":["post-30704","page","type-page","status-publish","hentry"],"acf":[],"yoast_head":"<!-- This site is optimized with the Yoast SEO plugin v26.9 - https:\/\/yoast.com\/product\/yoast-seo-wordpress\/ -->\n<title>SKAKO Sverige - SKAKO A\/S<\/title>\n<meta name=\"description\" content=\"Effektiv materialhantering genom vibration. Matare, siktar och transport\u00f6rer s\u00e4krar ett effektivt produktfl\u00f6de.\" \/>\n<meta name=\"robots\" content=\"index, follow, max-snippet:-1, max-image-preview:large, max-video-preview:-1\" \/>\n<link rel=\"canonical\" href=\"https:\/\/skako.com\/fr\/sverige\/\" \/>\n<meta property=\"og:locale\" content=\"fr_FR\" \/>\n<meta property=\"og:type\" content=\"article\" \/>\n<meta property=\"og:title\" content=\"SKAKO Sverige - SKAKO A\/S\" \/>\n<meta property=\"og:description\" content=\"Effektiv materialhantering genom vibration. Matare, siktar och transport\u00f6rer s\u00e4krar ett effektivt produktfl\u00f6de.\" \/>\n<meta property=\"og:url\" content=\"https:\/\/skako.com\/fr\/sverige\/\" \/>\n<meta property=\"og:site_name\" content=\"SKAKO A\/S\" \/>\n<meta property=\"article:modified_time\" content=\"2026-04-09T11:51:59+00:00\" \/>\n<meta name=\"twitter:card\" content=\"summary_large_image\" \/>\n<script type=\"application\/ld+json\" class=\"yoast-schema-graph\">{\"@context\":\"https:\/\/schema.org\",\"@graph\":[{\"@type\":\"WebPage\",\"@id\":\"https:\/\/skako.com\/fr\/sverige\/\",\"url\":\"https:\/\/skako.com\/fr\/sverige\/\",\"name\":\"SKAKO Sverige - SKAKO A\/S\",\"isPartOf\":{\"@id\":\"https:\/\/skako.com\/fr\/#website\"},\"datePublished\":\"2025-05-28T10:13:46+00:00\",\"dateModified\":\"2026-04-09T11:51:59+00:00\",\"description\":\"Effektiv materialhantering genom vibration. Matare, siktar och transport\u00f6rer s\u00e4krar ett effektivt produktfl\u00f6de.\",\"breadcrumb\":{\"@id\":\"https:\/\/skako.com\/fr\/sverige\/#breadcrumb\"},\"inLanguage\":\"fr-FR\",\"potentialAction\":[{\"@type\":\"ReadAction\",\"target\":[\"https:\/\/skako.com\/fr\/sverige\/\"]}]},{\"@type\":\"BreadcrumbList\",\"@id\":\"https:\/\/skako.com\/fr\/sverige\/#breadcrumb\",\"itemListElement\":[{\"@type\":\"ListItem\",\"position\":1,\"name\":\"Home\",\"item\":\"https:\/\/skako.com\/fr\/\"},{\"@type\":\"ListItem\",\"position\":2,\"name\":\"SKAKO Sverige\"}]},{\"@type\":\"WebSite\",\"@id\":\"https:\/\/skako.com\/fr\/#website\",\"url\":\"https:\/\/skako.com\/fr\/\",\"name\":\"SKAKO A\/S\",\"description\":\"Making production flows hassle-free, reliable and sustainable\",\"potentialAction\":[{\"@type\":\"SearchAction\",\"target\":{\"@type\":\"EntryPoint\",\"urlTemplate\":\"https:\/\/skako.com\/fr\/?s={search_term_string}\"},\"query-input\":{\"@type\":\"PropertyValueSpecification\",\"valueRequired\":true,\"valueName\":\"search_term_string\"}}],\"inLanguage\":\"fr-FR\"}]}<\/script>\n<!-- \/ Yoast SEO plugin. -->","yoast_head_json":{"title":"SKAKO Sverige - SKAKO A\/S","description":"Effektiv materialhantering genom vibration. Matare, siktar och transport\u00f6rer s\u00e4krar ett effektivt produktfl\u00f6de.","robots":{"index":"index","follow":"follow","max-snippet":"max-snippet:-1","max-image-preview":"max-image-preview:large","max-video-preview":"max-video-preview:-1"},"canonical":"https:\/\/skako.com\/fr\/sverige\/","og_locale":"fr_FR","og_type":"article","og_title":"SKAKO Sverige - SKAKO A\/S","og_description":"Effektiv materialhantering genom vibration. Matare, siktar och transport\u00f6rer s\u00e4krar ett effektivt produktfl\u00f6de.","og_url":"https:\/\/skako.com\/fr\/sverige\/","og_site_name":"SKAKO A\/S","article_modified_time":"2026-04-09T11:51:59+00:00","twitter_card":"summary_large_image","schema":{"@context":"https:\/\/schema.org","@graph":[{"@type":"WebPage","@id":"https:\/\/skako.com\/fr\/sverige\/","url":"https:\/\/skako.com\/fr\/sverige\/","name":"SKAKO Sverige - SKAKO A\/S","isPartOf":{"@id":"https:\/\/skako.com\/fr\/#website"},"datePublished":"2025-05-28T10:13:46+00:00","dateModified":"2026-04-09T11:51:59+00:00","description":"Effektiv materialhantering genom vibration. Matare, siktar och transport\u00f6rer s\u00e4krar ett effektivt produktfl\u00f6de.","breadcrumb":{"@id":"https:\/\/skako.com\/fr\/sverige\/#breadcrumb"},"inLanguage":"fr-FR","potentialAction":[{"@type":"ReadAction","target":["https:\/\/skako.com\/fr\/sverige\/"]}]},{"@type":"BreadcrumbList","@id":"https:\/\/skako.com\/fr\/sverige\/#breadcrumb","itemListElement":[{"@type":"ListItem","position":1,"name":"Home","item":"https:\/\/skako.com\/fr\/"},{"@type":"ListItem","position":2,"name":"SKAKO Sverige"}]},{"@type":"WebSite","@id":"https:\/\/skako.com\/fr\/#website","url":"https:\/\/skako.com\/fr\/","name":"SKAKO A\/S","description":"Making production flows hassle-free, reliable and sustainable","potentialAction":[{"@type":"SearchAction","target":{"@type":"EntryPoint","urlTemplate":"https:\/\/skako.com\/fr\/?s={search_term_string}"},"query-input":{"@type":"PropertyValueSpecification","valueRequired":true,"valueName":"search_term_string"}}],"inLanguage":"fr-FR"}]}},"_links":{"self":[{"href":"https:\/\/skako.com\/fr\/wp-json\/wp\/v2\/pages\/30704","targetHints":{"allow":["GET"]}}],"collection":[{"href":"https:\/\/skako.com\/fr\/wp-json\/wp\/v2\/pages"}],"about":[{"href":"https:\/\/skako.com\/fr\/wp-json\/wp\/v2\/types\/page"}],"author":[{"embeddable":true,"href":"https:\/\/skako.com\/fr\/wp-json\/wp\/v2\/users\/20"}],"replies":[{"embeddable":true,"href":"https:\/\/skako.com\/fr\/wp-json\/wp\/v2\/comments?post=30704"}],"version-history":[{"count":0,"href":"https:\/\/skako.com\/fr\/wp-json\/wp\/v2\/pages\/30704\/revisions"}],"wp:attachment":[{"href":"https:\/\/skako.com\/fr\/wp-json\/wp\/v2\/media?parent=30704"}],"curies":[{"name":"wp","href":"https:\/\/api.w.org\/{rel}","templated":true}]}}