{"id":28857,"date":"2024-06-05T10:25:26","date_gmt":"2024-06-05T10:25:26","guid":{"rendered":"https:\/\/skako.com\/product\/furnace-chargers\/"},"modified":"2025-09-23T12:18:26","modified_gmt":"2025-09-23T12:18:26","slug":"furnace-chargers","status":"publish","type":"product","link":"https:\/\/skako.com\/fr\/product\/furnace-chargers\/","title":{"rendered":"Chargeurs de four"},"content":{"rendered":"","protected":false},"featured_media":27714,"parent":0,"menu_order":4,"template":"","meta":{"_acf_changed":true,"inline_featured_image":false},"vibration":[120,121],"products_category":[268],"class_list":["post-28857","product","type-product","status-publish","has-post-thumbnail","hentry","vibration-fasteners-fr","vibration-recycling-fr","products_category-feeders-fr"],"acf":[],"yoast_head":"<!-- This site is optimized with the Yoast SEO plugin v26.9 - https:\/\/yoast.com\/product\/yoast-seo-wordpress\/ -->\n<title>Chargeurs de four | Solutions s\u00fbres | SKAKO<\/title>\n<meta name=\"description\" content=\"Chargeurs de four SKAKO pour une manipulation s\u00fbre des mat\u00e9riaux chauds dans des environnements industriels.\" \/>\n<meta name=\"robots\" content=\"index, follow, max-snippet:-1, max-image-preview:large, max-video-preview:-1\" \/>\n<link rel=\"canonical\" href=\"https:\/\/skako.com\/fr\/product\/furnace-chargers\/\" \/>\n<meta property=\"og:locale\" content=\"fr_FR\" \/>\n<meta property=\"og:type\" content=\"article\" \/>\n<meta property=\"og:title\" content=\"Chargeurs de four | Solutions s\u00fbres | SKAKO\" \/>\n<meta property=\"og:description\" content=\"Chargeurs de four SKAKO pour une manipulation s\u00fbre des mat\u00e9riaux chauds dans des environnements industriels.\" \/>\n<meta property=\"og:url\" content=\"https:\/\/skako.com\/fr\/product\/furnace-chargers\/\" \/>\n<meta property=\"og:site_name\" content=\"SKAKO A\/S\" \/>\n<meta property=\"article:modified_time\" content=\"2025-09-23T12:18:26+00:00\" \/>\n<meta property=\"og:image\" content=\"https:\/\/skako.com\/wp-content\/uploads\/2024\/06\/Furnace_chargers_slider_img10.jpg\" \/>\n\t<meta property=\"og:image:width\" content=\"1923\" \/>\n\t<meta property=\"og:image:height\" content=\"1085\" \/>\n\t<meta property=\"og:image:type\" content=\"image\/jpeg\" \/>\n<meta name=\"twitter:card\" content=\"summary_large_image\" \/>\n<meta name=\"twitter:label1\" content=\"Dur\u00e9e de lecture estim\u00e9e\" \/>\n\t<meta name=\"twitter:data1\" content=\"1 minute\" \/>\n<script type=\"application\/ld+json\" class=\"yoast-schema-graph\">{\"@context\":\"https:\/\/schema.org\",\"@graph\":[{\"@type\":\"WebPage\",\"@id\":\"https:\/\/skako.com\/fr\/product\/furnace-chargers\/\",\"url\":\"https:\/\/skako.com\/fr\/product\/furnace-chargers\/\",\"name\":\"Chargeurs de four | Solutions s\u00fbres | SKAKO\",\"isPartOf\":{\"@id\":\"https:\/\/skako.com\/fr\/#website\"},\"primaryImageOfPage\":{\"@id\":\"https:\/\/skako.com\/fr\/product\/furnace-chargers\/#primaryimage\"},\"image\":{\"@id\":\"https:\/\/skako.com\/fr\/product\/furnace-chargers\/#primaryimage\"},\"thumbnailUrl\":\"https:\/\/skako.com\/wp-content\/uploads\/2024\/06\/Furnace_chargers_slider_img10.jpg\",\"datePublished\":\"2024-06-05T10:25:26+00:00\",\"dateModified\":\"2025-09-23T12:18:26+00:00\",\"description\":\"Chargeurs de four SKAKO pour une manipulation s\u00fbre des mat\u00e9riaux chauds dans des environnements industriels.\",\"breadcrumb\":{\"@id\":\"https:\/\/skako.com\/fr\/product\/furnace-chargers\/#breadcrumb\"},\"inLanguage\":\"fr-FR\",\"potentialAction\":[{\"@type\":\"ReadAction\",\"target\":[\"https:\/\/skako.com\/fr\/product\/furnace-chargers\/\"]}]},{\"@type\":\"ImageObject\",\"inLanguage\":\"fr-FR\",\"@id\":\"https:\/\/skako.com\/fr\/product\/furnace-chargers\/#primaryimage\",\"url\":\"https:\/\/skako.com\/wp-content\/uploads\/2024\/06\/Furnace_chargers_slider_img10.jpg\",\"contentUrl\":\"https:\/\/skako.com\/wp-content\/uploads\/2024\/06\/Furnace_chargers_slider_img10.jpg\",\"width\":1923,\"height\":1085},{\"@type\":\"BreadcrumbList\",\"@id\":\"https:\/\/skako.com\/fr\/product\/furnace-chargers\/#breadcrumb\",\"itemListElement\":[{\"@type\":\"ListItem\",\"position\":1,\"name\":\"Home\",\"item\":\"https:\/\/skako.com\/fr\/\"},{\"@type\":\"ListItem\",\"position\":2,\"name\":\"Products\",\"item\":\"https:\/\/skako.com\/fr\/product\/\"},{\"@type\":\"ListItem\",\"position\":3,\"name\":\"Chargeurs de four\"}]},{\"@type\":\"WebSite\",\"@id\":\"https:\/\/skako.com\/fr\/#website\",\"url\":\"https:\/\/skako.com\/fr\/\",\"name\":\"SKAKO A\/S\",\"description\":\"Making production flows hassle-free, reliable and sustainable\",\"potentialAction\":[{\"@type\":\"SearchAction\",\"target\":{\"@type\":\"EntryPoint\",\"urlTemplate\":\"https:\/\/skako.com\/fr\/?s={search_term_string}\"},\"query-input\":{\"@type\":\"PropertyValueSpecification\",\"valueRequired\":true,\"valueName\":\"search_term_string\"}}],\"inLanguage\":\"fr-FR\"}]}<\/script>\n<!-- \/ Yoast SEO plugin. -->","yoast_head_json":{"title":"Chargeurs de four | Solutions s\u00fbres | SKAKO","description":"Chargeurs de four SKAKO pour une manipulation s\u00fbre des mat\u00e9riaux chauds dans des environnements industriels.","robots":{"index":"index","follow":"follow","max-snippet":"max-snippet:-1","max-image-preview":"max-image-preview:large","max-video-preview":"max-video-preview:-1"},"canonical":"https:\/\/skako.com\/fr\/product\/furnace-chargers\/","og_locale":"fr_FR","og_type":"article","og_title":"Chargeurs de four | Solutions s\u00fbres | SKAKO","og_description":"Chargeurs de four SKAKO pour une manipulation s\u00fbre des mat\u00e9riaux chauds dans des environnements industriels.","og_url":"https:\/\/skako.com\/fr\/product\/furnace-chargers\/","og_site_name":"SKAKO A\/S","article_modified_time":"2025-09-23T12:18:26+00:00","og_image":[{"width":1923,"height":1085,"url":"https:\/\/skako.com\/wp-content\/uploads\/2024\/06\/Furnace_chargers_slider_img10.jpg","type":"image\/jpeg"}],"twitter_card":"summary_large_image","twitter_misc":{"Dur\u00e9e de lecture estim\u00e9e":"1 minute"},"schema":{"@context":"https:\/\/schema.org","@graph":[{"@type":"WebPage","@id":"https:\/\/skako.com\/fr\/product\/furnace-chargers\/","url":"https:\/\/skako.com\/fr\/product\/furnace-chargers\/","name":"Chargeurs de four | Solutions s\u00fbres | SKAKO","isPartOf":{"@id":"https:\/\/skako.com\/fr\/#website"},"primaryImageOfPage":{"@id":"https:\/\/skako.com\/fr\/product\/furnace-chargers\/#primaryimage"},"image":{"@id":"https:\/\/skako.com\/fr\/product\/furnace-chargers\/#primaryimage"},"thumbnailUrl":"https:\/\/skako.com\/wp-content\/uploads\/2024\/06\/Furnace_chargers_slider_img10.jpg","datePublished":"2024-06-05T10:25:26+00:00","dateModified":"2025-09-23T12:18:26+00:00","description":"Chargeurs de four SKAKO pour une manipulation s\u00fbre des mat\u00e9riaux chauds dans des environnements industriels.","breadcrumb":{"@id":"https:\/\/skako.com\/fr\/product\/furnace-chargers\/#breadcrumb"},"inLanguage":"fr-FR","potentialAction":[{"@type":"ReadAction","target":["https:\/\/skako.com\/fr\/product\/furnace-chargers\/"]}]},{"@type":"ImageObject","inLanguage":"fr-FR","@id":"https:\/\/skako.com\/fr\/product\/furnace-chargers\/#primaryimage","url":"https:\/\/skako.com\/wp-content\/uploads\/2024\/06\/Furnace_chargers_slider_img10.jpg","contentUrl":"https:\/\/skako.com\/wp-content\/uploads\/2024\/06\/Furnace_chargers_slider_img10.jpg","width":1923,"height":1085},{"@type":"BreadcrumbList","@id":"https:\/\/skako.com\/fr\/product\/furnace-chargers\/#breadcrumb","itemListElement":[{"@type":"ListItem","position":1,"name":"Home","item":"https:\/\/skako.com\/fr\/"},{"@type":"ListItem","position":2,"name":"Products","item":"https:\/\/skako.com\/fr\/product\/"},{"@type":"ListItem","position":3,"name":"Chargeurs de four"}]},{"@type":"WebSite","@id":"https:\/\/skako.com\/fr\/#website","url":"https:\/\/skako.com\/fr\/","name":"SKAKO A\/S","description":"Making production flows hassle-free, reliable and sustainable","potentialAction":[{"@type":"SearchAction","target":{"@type":"EntryPoint","urlTemplate":"https:\/\/skako.com\/fr\/?s={search_term_string}"},"query-input":{"@type":"PropertyValueSpecification","valueRequired":true,"valueName":"search_term_string"}}],"inLanguage":"fr-FR"}]}},"_links":{"self":[{"href":"https:\/\/skako.com\/fr\/wp-json\/wp\/v2\/product\/28857","targetHints":{"allow":["GET"]}}],"collection":[{"href":"https:\/\/skako.com\/fr\/wp-json\/wp\/v2\/product"}],"about":[{"href":"https:\/\/skako.com\/fr\/wp-json\/wp\/v2\/types\/product"}],"wp:featuredmedia":[{"embeddable":true,"href":"https:\/\/skako.com\/fr\/wp-json\/wp\/v2\/media\/27714"}],"wp:attachment":[{"href":"https:\/\/skako.com\/fr\/wp-json\/wp\/v2\/media?parent=28857"}],"wp:term":[{"taxonomy":"vibration","embeddable":true,"href":"https:\/\/skako.com\/fr\/wp-json\/wp\/v2\/vibration?post=28857"},{"taxonomy":"products_category","embeddable":true,"href":"https:\/\/skako.com\/fr\/wp-json\/wp\/v2\/products_category?post=28857"}],"curies":[{"name":"wp","href":"https:\/\/api.w.org\/{rel}","templated":true}]}}